{"id":67,"date":"2016-01-19T20:21:03","date_gmt":"2016-01-19T19:21:03","guid":{"rendered":"http:\/\/www.grunern.de\/wordpress\/?page_id=67"},"modified":"2016-01-19T20:21:03","modified_gmt":"2016-01-19T19:21:03","slug":"dorfladen","status":"publish","type":"page","link":"http:\/\/www.grunerninstaufen.de\/bvgrn\/?page_id=67","title":{"rendered":"Dorfladen"},"content":{"rendered":"<h3>Unser Dorfladen besteht jetzt seit 2013.<\/h3>\n<h4><a href=\"http:\/\/www.dorfladen-grunern.de\" target=\"_blank\" rel=\"noopener\">Zum Dorfladen<\/a><\/h4>\n<hr \/>\n<h2>Geschichte:<\/h2>\n<h3>Ein Dorfladen f\u00fcr Grunern<\/h3>\n<p>Was fr\u00fcher in jedem Ort ganz selbstverst\u00e4ndlich war, n\u00e4mlich die Dinge des t\u00e4glichen Bedarfs beim B\u00e4cker, Metzger oder Lebensmittelh\u00e4ndler um die Ecke einzukaufen, geh\u00f6rt l\u00e4ngst der Geschichte an. Kaum eine andere Branche hat eine solche Konzentration auf wenige Anbieter erfahren wie der Lebensmittelhandel. F\u00fcnf bis sieben Riesen beherrschen den Markt und diktieren nicht nur die Preise.<br \/>\nAuf der Strecke bleiben regionale kleine Anbieter, weil deren Produkte nicht in die Mengen- oder Normbestimmungen der Abnahmebedingungen passen. Allerdings ist seit Jahren eine zunehmende Gegenbewegung festzustellen. So mancher landwirtschaftliche Betrieb hat einen Bauernladen er\u00f6ffnet. Auch Marktbeschicker erfreuen sich einer zunehmenden Schar von Kunden, die Wert auf Herkunft und kurze Handelswege legen. Zu dieser R\u00fcckbesinnung auf verloren gegangene Werte passt auch die enorme Zunahme von Dorfl\u00e4den.<br \/>\nViele B\u00fcrger, vornehmlich aus kleinen Ortschaften und D\u00f6rfern, engagieren sich nicht nur finanziell, um Lebensqualit\u00e4t zur\u00fcckzuholen. Die F\u00f6rderung der Gemeinschaft steht hier ganz im Vordergrund. Allen ist klar, dass solche Dorfl\u00e4den nie und nimmer mit Aldi, Lidl und Co. konkurrieren k\u00f6nnen, weder im Preis noch in der Vielfalt des Warenangebotes. Aber offensichtlich ist Mann\/ Frau bereit, f\u00fcr Eigenschaften wie Herkunft, Frische oder F\u00f6rderung der regionalen Landwirtschaft einen Beitrag zu leisten.<br \/>\nSo ist ein Dorfladen mehr als nur die gute Gelegenheit, vergessenes noch schnell zu besorgen. Der Erhalt von Infrastruktur und Lebensqualit\u00e4t ist f\u00fcr viele zu einem wichtigen Standortvorteil ihrer Gemeinde geworden.<br \/>\nDer B\u00fcrgerverein ist \u00fcberzeugt, dass in Grunern ein solcher Dorfladen Zukunft hat. Wir sind dankbar f\u00fcr jede Anregung und nat\u00fcrlich auch f\u00fcr Mithilfe.<br \/>\n<a href=\"http:\/\/www.grunerninstaufen.de\/bvgrn\/wp-content\/uploads\/2016\/02\/Protolkoll_Dorfladen_Gr\u00fcndungsversammlung.pdf\" rel=\"\">Protolkoll Gr\u00fcndungsversammlung Dorfladen<\/a><\/p>\n","protected":false},"excerpt":{"rendered":"<p>Unser Dorfladen besteht jetzt seit 2013. Zum Dorfladen Geschichte: Ein Dorfladen f\u00fcr Grunern Was fr\u00fcher in jedem Ort ganz selbstverst\u00e4ndlich war, n\u00e4mlich die Dinge des t\u00e4glichen Bedarfs beim B\u00e4cker, Metzger oder Lebensmittelh\u00e4ndler um die Ecke einzukaufen, geh\u00f6rt l\u00e4ngst der Geschichte an. Kaum eine andere Branche hat eine solche Konzentration auf wenige Anbieter erfahren wie der Lebensmittelhandel. F\u00fcnf bis sieben Riesen beherrschen den Markt und diktieren nicht nur die Preise. Auf der Strecke bleiben regionale kleine Anbieter, weil deren Produkte nicht in die Mengen- oder Normbestimmungen der Abnahmebedingungen passen. Allerdings ist seit Jahren eine zunehmende Gegenbewegung festzustellen. So mancher landwirtschaftliche Betrieb hat einen Bauernladen er\u00f6ffnet. Auch Marktbeschicker erfreuen sich einer zunehmenden Schar von Kunden, die Wert auf Herkunft und kurze Handelswege legen. Zu dieser R\u00fcckbesinnung auf verloren gegangene Werte passt auch die enorme Zunahme von Dorfl\u00e4den. Viele B\u00fcrger, vornehmlich aus kleinen Ortschaften und D\u00f6rfern, engagieren sich nicht nur finanziell, um Lebensqualit\u00e4t zur\u00fcckzuholen. Die F\u00f6rderung der Gemeinschaft steht hier ganz im Vordergrund. Allen ist klar, dass solche Dorfl\u00e4den nie und nimmer mit Aldi, Lidl und Co. konkurrieren k\u00f6nnen, weder im Preis noch in der Vielfalt des Warenangebotes. Aber offensichtlich ist Mann\/ Frau bereit, f\u00fcr Eigenschaften wie Herkunft, Frische oder F\u00f6rderung der regionalen Landwirtschaft einen Beitrag zu leisten. So ist ein Dorfladen mehr als nur die gute Gelegenheit, vergessenes noch schnell zu besorgen. Der Erhalt von Infrastruktur und Lebensqualit\u00e4t ist f\u00fcr viele zu einem wichtigen Standortvorteil ihrer Gemeinde geworden. Der B\u00fcrgerverein ist \u00fcberzeugt, dass in Grunern ein solcher Dorfladen Zukunft hat. Wir sind dankbar f\u00fcr jede Anregung und nat\u00fcrlich auch f\u00fcr Mithilfe. Protolkoll Gr\u00fcndungsversammlung Dorfladen<\/p>\n","protected":false},"author":1,"featured_media":0,"parent":0,"menu_order":0,"comment_status":"closed","ping_status":"closed","template":"","meta":{"footnotes":""},"class_list":["post-67","page","type-page","status-publish","hentry"],"_links":{"self":[{"href":"http:\/\/www.grunerninstaufen.de\/bvgrn\/index.php?rest_route=\/wp\/v2\/pages\/67","targetHints":{"allow":["GET"]}}],"collection":[{"href":"http:\/\/www.grunerninstaufen.de\/bvgrn\/index.php?rest_route=\/wp\/v2\/pages"}],"about":[{"href":"http:\/\/www.grunerninstaufen.de\/bvgrn\/index.php?rest_route=\/wp\/v2\/types\/page"}],"author":[{"embeddable":true,"href":"http:\/\/www.grunerninstaufen.de\/bvgrn\/index.php?rest_route=\/wp\/v2\/users\/1"}],"replies":[{"embeddable":true,"href":"http:\/\/www.grunerninstaufen.de\/bvgrn\/index.php?rest_route=%2Fwp%2Fv2%2Fcomments&post=67"}],"version-history":[{"count":0,"href":"http:\/\/www.grunerninstaufen.de\/bvgrn\/index.php?rest_route=\/wp\/v2\/pages\/67\/revisions"}],"wp:attachment":[{"href":"http:\/\/www.grunerninstaufen.de\/bvgrn\/index.php?rest_route=%2Fwp%2Fv2%2Fmedia&parent=67"}],"curies":[{"name":"wp","href":"https:\/\/api.w.org\/{rel}","templated":true}]}}