{"id":874,"date":"2019-02-03T12:55:26","date_gmt":"2019-02-03T11:55:26","guid":{"rendered":"http:\/\/www.grunern.de\/wordpress\/?page_id=874"},"modified":"2019-02-03T12:55:26","modified_gmt":"2019-02-03T11:55:26","slug":"datenschutzerklaerung","status":"publish","type":"page","link":"http:\/\/www.grunerninstaufen.de\/bvgrn\/?page_id=874","title":{"rendered":"Datenschutzerkl\u00e4rung"},"content":{"rendered":"\n<p>Wir, der Verein \u201eB\u00fcrgerverein Grunern e.V.\u201c\n(im Folgenden \u201cwir\/unser(e)&#8220;, nehmen den Schutz Ihrer\npers\u00f6nlichen Daten sehr ernst und halten uns streng an alle\ngeltenden Gesetze und Vorschriften zum Datenschutz, insbesondere an\ndie Datenschutzgrundverordnung, (DSGVO), das Bundesdatenschutzgesetz\n(BDSG) und das Telemediengesetz (TMG). Die folgenden Erl\u00e4uterungen\ngeben Ihnen einen \u00dcberblick dar\u00fcber, wie wir diesen Schutz\nsicherstellen und welche Daten wir zu welchem Zweck verarbeiten.<\/p>\n\n\n<h2 class=\"wp-block-heading\">1. Nutzungsdaten<\/h2>\n\n\n<p>Bei jedem Zugriff auf unsere Webseite und bei\njedem Abruf einer Datei, werden automatisch \u00fcber diesen Vorgang\nallgemeine Daten in einer Protokolldatei gespeichert. Die Speicherung\ndient ausschlie\u00dflich systembezogenen und statistischen Zwecken (auf\nGrundlage von Art. 6 Abs. 1 Buchst. b) DSGVO), sowie in\nAusnahmef\u00e4llen zur Anzeige von Straftaten (auf Grundlage von Art. 6\nAbs. 1 Buchst. e) DSGVO).<br \/>\n<br \/>\nEine Weitergabe der Daten an\nDritte oder eine sonstige Auswertung findet nicht statt, es sei denn,\nes besteht eine gesetzliche Verpflichtung dazu (Art. 6 Abs. 1 Buchst.\ne) DSGVO).<br \/>\n<br \/>\nIm Einzelnen wird \u00fcber jeden Abruf folgender\nDatensatz gespeichert (log-Datei):<\/p>\n\n\n<ul class=\"wp-block-list\"><li>\nName der\n\tabgerufenen Datei\n\t<\/li><li>\nDatum und\n\tUhrzeit des Abrufs\n\t<\/li><li>\n\u00fcbertragene\n\tDatenmenge\n\t<\/li><li>\nMeldung, ob der\n\tAbruf erfolgreich war\n\t<\/li><li>\nBeschreibung des\n\tTyps des verwendeten Webbrowsers\n\t<\/li><li>\nverwendetes\n\tBetriebssystem\n\t<\/li><li>\ndie zuvor\n\tbesuchte Seite\n\t<\/li><li>\nProvider\n\t<\/li><li>\nIhre IP-Adresse\n<\/li><\/ul>\n\n\n<h2 class=\"wp-block-heading\">2. Personenbezogene Daten<\/h2>\n\n\n<p>Personenbezogene Daten werden von uns nur dann verarbeitet, wenn uns dies gesetzlich gestattet ist, oder Sie uns Ihre Einwilligung erteilt haben. Wir verarbeiten nur solche Daten, die f\u00fcr die Verwaltung des Vereins notwendig sind.  <br \/><\/p>\n\n\n<p>Im Einzelnen:<\/p>\n\n\n<h3 class=\"wp-block-heading\">a) Kontakt<\/h3>\n\n\n<p>Wenn Sie mit uns in Kontakt treten, speichern wir\nIhre Daten auf Grundlage von Art. 6 Abs. 1 Buchst. b) DSGVO zum\nZwecke der Bearbeitung Ihrer Anfrage, sowie f\u00fcr den Fall, dass eine\nweitere Korrespondenz stattfinden sollte.<\/p>\n\n\n<h3 class=\"wp-block-heading\">b) Kommentarfunktion<\/h3>\n\n\n<p>Sie haben die M\u00f6glichkeit, individuelle\nKommentare zu einzelnen, auf unserer Webseite ver\u00f6ffentlichten\nBlog-Beitr\u00e4gen zu hinterlassen.<br \/>\n<br \/>\nHinterlassen Sie einen\nsolchen Kommentar, wird zu dem Inhalt des Kommentars selbst, auch der\nZeitpunkt der Kommentareingabe gespeichert und ver\u00f6ffentlicht.\nDar\u00fcber hinaus wird auch Ihre IP-Adresse protokolliert. Dies\ngeschieht zu Nachweis- und Dokumentationszwecken f\u00fcr den Fall, dass\nwir auf Grund Ihres Kommentars wegen einer Rechtsverletzung in\nAnspruch genommen werden sollten. Die Datenverarbeitung ist daher zur\nWahrung unserer berechtigten Interessen nach Art. 6 Abs. 1 Buchst. f)\nDSGVO erforderlich.<br \/>\n<br \/>\nEine Weitergabe Ihrer\npersonenbezogenen Daten an Dritte folgt nur, sofern wir hierzu\ngesetzlich verpflichtet sind (dann auf Basis von Art. 6 Abs. 1\nBuchst. e) DSGVO), oder dies zur Wahrung der berechtigten Interessen\ndes Dritten erforderlich ist (dann auf Basis von Art. Art. 6 Abs. 1\nBuchst. f) DSGVO).<\/p>\n\n\n<h2 class=\"wp-block-heading\">3. Cookies<\/h2>\n\n\n<p>Wir setzen keine Cookies ein.\n<\/p>\n\n\n<h2 class=\"wp-block-heading\">4. Verwendung eines Analyse-Tools bei unserem\nProvider.<\/h2>\n\n\n<p>Unsere Webseite benutzt eine Open-Source-Software\nzur statistischen Analyse der Besucherzugriffe auf die eigene\nWebseite. Die erzeugten Informationen \u00fcber die Benutzung dieser\nWebseite werden auf unseren Servern in Deutschland gespeichert und\nnicht an Dritte weitergegeben. Ihre IP-Adresse wird sofort nach der\nVerarbeitung und vor deren Speicherung anonymisiert.<br \/>\n<br \/>\nWir\nst\u00fctzen den Einsatz des vorgenannten Analyse-Tools auf Art. 6 Abs. 1\nBuchst. f) DSGVO: die Verarbeitung erfolgt zur Analyse des\nNutzungsverhaltens und ist daher zur Wahrung unserer berechtigten\nInteressen erforderlich.<\/p>\n\n\n<h2 class=\"wp-block-heading\">5. Verwendung der Social Plugins von Facebook,\nTwitter, Google+ und Instagram<\/h2>\n\n\n<p>Eine Verwendung von Social Plugins findet nicht\nstatt.<\/p>\n\n\n<h2 class=\"wp-block-heading\">6. Verwendung der Social Plugins von YouTube<\/h2>\n\n\n<p>Findet nicht statt.<br \/>\n<br \/>\n<br \/>\n<\/p>\n\n\n<h2 class=\"wp-block-heading\">7. Verwendung von Google Webfonts, Google Maps\nund OpenStreetMap<\/h2>\n\n\n<h3 class=\"wp-block-heading\">a) Verwendung von Google Webfonts und Google Maps<\/h3>\n\n\n<p>Findet nicht statt.<br \/>\n<br \/>\n<br \/>\n<\/p>\n\n\n<h3 class=\"wp-block-heading\">b) Verwendung von OpenStreetMap<\/h3>\n\n\n<p>Wir verwenden auf unserer Webseite im Bereich\nTermine Kartenausschnitte von OpenStreetMap\n(<a href=\"https:\/\/www.openstreetmap.de\/\" target=\"_blank\" rel=\"noreferrer noopener\">https:\/\/www.openstreetmap.de\/<\/a>),\num f\u00fcr Sie den Anfahrtsweg zu unserem Unternehmen darzustellen und\nIhnen die Planung der Anfahrt zu vereinfachen. Bei OpenStreetMap\nhandelt es sich um ein Open-Source-Mapping-Werkzeug. Damit Ihnen die\nKarte angezeigt werden kann, wird Ihre IP-Adresse an OpenStreetMap\nweitergeleitet. Wie OpenStreetMap Ihre Daten speichert, k\u00f6nnen Sie\nauf der Datenschutzseite von OpenStreetMap hier\n<a href=\"https:\/\/wiki.openstreetmap.org\/wiki\/DE:Datenschutz\" target=\"_blank\" rel=\"noreferrer noopener\">https:\/\/wiki.openstreetmap.org\/wiki\/DE:Datenschutz<\/a>\nund hier <a href=\"https:\/\/wiki.openstreetmap.org\/wiki\/DE:Legal_FAQ\" target=\"_blank\" rel=\"noreferrer noopener\">https:\/\/wiki.openstreetmap.org\/wiki\/DE:Legal_FAQ<\/a>\neinsehen.<br \/>\n<br \/>\nWir st\u00fctzen den Einsatz der vorgenannten Tools\nauf Art. 6 Abs. 1 Buchst. f) DSGVO: die Datenverarbeitung erfolgt zur\nVerbesserung der Nutzerfreundlichkeit auf unserer Webseite und liegt\ndaher in unserem berechtigten Interesse.<\/p>\n\n\n<h2 class=\"wp-block-heading\">9. Dauer der Speicherung<\/h2>\n\n\n<p>Wir speichern Ihre Daten so lange, wie es f\u00fcr\neine abschlie\u00dfende Bearbeitung Ihres Anliegens notwendig ist. Die\n\u00fcber das Analyse-Tool erhobenen Statistikdaten werden bereits bei\nder Erhebung anonymisiert und die Ergebnisse l\u00e4ngstens 2 Jahre\ngespeichert.<br \/>\nAusgenommen hiervon sind Daten, f\u00fcr die\ngesetzliche oder anderweitig vorgeschriebene Aufbewahrungspflichten\nbestehen; diese werden f\u00fcr die Dauer der jeweiligen\nAufbewahrungsfrist gespeichert und im Anschluss routinem\u00e4\u00dfig\ngel\u00f6scht.<\/p>\n\n\n<h2 class=\"wp-block-heading\">10. Betroffenenrechte<\/h2>\n\n\n<h3 class=\"wp-block-heading\">a) Auskunftsrecht<\/h3>\n\n\n<p>Sie haben das Recht, von uns eine Best\u00e4tigung\ndar\u00fcber zu verlangen, ob Sie betreffende personenbezogene Daten\nverarbeitet werden.<br \/>\n<br \/>\nSenden Sie hierf\u00fcr bitte einfach eine\neMail an info@grunern.de .<\/p>\n\n\n<h3 class=\"wp-block-heading\">b) Berichtigung\/L\u00f6schung\/Einschr\u00e4nkung der\nVerarbeitung<\/h3>\n\n\n<p>Des Weiteren haben Sie das Recht, von uns zu\nverlangen, dass<\/p>\n\n\n<ul class=\"wp-block-list\"><li>\nSie betreffende\n\tunrichtige personenbezogene Daten unverz\u00fcglich berichtigt werden\n\t(Recht auf Berichtigung);\n\t<\/li><li>\nSie betreffende\n\tpersonenbezogene Daten unverz\u00fcglich gel\u00f6scht werden (Recht auf\n\tL\u00f6schung) und\n\t<\/li><li>\ndie Verarbeitung eingeschr\u00e4nkt wird (Recht\n\tauf Einschr\u00e4nken der Verarbeitung).\n<\/li><\/ul>\n\n\n<h3 class=\"wp-block-heading\">c.) Recht auf Daten\u00fcbertragbarkeit<\/h3>\n\n\n<p>Sie haben das Recht, Sie betreffende\npersonenbezogene Daten, die Sie uns bereitgestellt haben, in einem\nstrukturierten, g\u00e4ngigen und maschinenlesbaren Format zu erhalten\nund diese Daten einem anderen Verantwortlichen zu\n\u00fcbermitteln.<br \/>\n<br \/>\nSenden Sie hierf\u00fcr bitte einfach eine eMail\nan  info@dorfladen-grunern.de<\/p>\n\n\n<h3 class=\"wp-block-heading\">d) Widerrufsrecht<\/h3>\n\n\n<p>Sie haben das Recht, Ihre Einwilligung jederzeit\nzu widerrufen. Durch den Widerruf der Einwilligung wird die\nRechtm\u00e4\u00dfigkeit der aufgrund der Einwilligung bis zum Widerruf\nerfolgten Verarbeitung nicht ber\u00fchrt.<br \/>\n<br \/>\nSenden Sie hierf\u00fcr\nbitte einfach eine eMail an info@grunern.de.<\/p>\n\n\n<h3 class=\"wp-block-heading\">e) Widerspruchsrecht<\/h3>\n\n\n<p>Ist die Verarbeitung Sie betreffender\npersonenbezogener Daten f\u00fcr die Wahrnehmung einer Aufgabe, die im\n\u00f6ffentlichen Interesse liegt (Art. 6 Abs. 1 Buchst. e) DSGVO) oder\nzur Wahrung unserer berechtigten Interessen (Art. 6 Abs. 1 Buchst. f)\nDSGVO) erforderlich, steht Ihnen ein Widerspruchsrecht zu.<br \/>\n<br \/>\nSenden\nSie hierf\u00fcr bitte einfach eine eMail an  info@grunern.de<\/p>\n\n\n<h3 class=\"wp-block-heading\">f) Beschwerderecht<\/h3>\n\n\n<p>Sind Sie der Ansicht, dass die Verarbeitung der\nSie betreffenden personenbezogenen Daten gegen die DSGVO verst\u00f6\u00dft,\nhaben Sie unbeschadet anderweitiger Rechtsbehelfe das Recht auf\nBeschwerde bei einer Aufsichtsbeh\u00f6rde.<\/p>\n\n\n<h2 class=\"wp-block-heading\">11. Unser Datenschutzbeauftragter<\/h2>\n\n\n<p>Unseren Datenschutzbeauftragten erreichen Sie\nunter info@grunern.de .<\/p>\n\n\n<h2 class=\"wp-block-heading\">12. Sicherheit<\/h2>\n\n\n<p>F\u00fcr die Sicherheit Ihrer Daten verwenden wir\nmodernste Internettechnologien. W\u00e4hrend des Onlineanfrageprozesses\nsind Ihre Angaben mit einer SSL-Verschl\u00fcsselung gesichert. F\u00fcr eine\nsichere Speicherung Ihrer Daten werden unsere Systeme durch Firewalls\ngesch\u00fctzt, die unberechtigte Zugriffe von au\u00dfen verhindern.<\/p>\n\n\n<p><strong>Ansprechpartner:<\/strong><\/p>\n\n\n<p>Achim Breit\n<br \/>Altenbergstr. 31\n<br \/>79219 Staufen-Grunern<\/p>\n","protected":false},"excerpt":{"rendered":"<p>Wir, der Verein \u201eB\u00fcrgerverein Grunern e.V.\u201c (im Folgenden \u201cwir\/unser(e)&#8220;, nehmen den Schutz Ihrer pers\u00f6nlichen Daten sehr ernst und halten uns streng an alle geltenden Gesetze und Vorschriften zum Datenschutz, insbesondere an die Datenschutzgrundverordnung, (DSGVO), das Bundesdatenschutzgesetz (BDSG) und das Telemediengesetz (TMG). Die folgenden Erl\u00e4uterungen geben Ihnen einen \u00dcberblick dar\u00fcber, wie wir diesen Schutz sicherstellen und welche Daten wir zu welchem Zweck verarbeiten. 1. Nutzungsdaten Bei jedem Zugriff auf unsere Webseite und bei jedem Abruf einer Datei, werden automatisch \u00fcber diesen Vorgang allgemeine Daten in einer Protokolldatei gespeichert. Die Speicherung dient ausschlie\u00dflich systembezogenen und statistischen Zwecken (auf Grundlage von Art. 6 Abs. 1 Buchst. b) DSGVO), sowie in Ausnahmef\u00e4llen zur Anzeige von Straftaten (auf Grundlage von Art. 6 Abs. 1 Buchst. e) DSGVO). Eine Weitergabe der Daten an Dritte oder eine sonstige Auswertung findet nicht statt, es sei denn, es besteht eine gesetzliche Verpflichtung dazu (Art. 6 Abs. 1 Buchst. e) DSGVO). Im Einzelnen wird \u00fcber jeden Abruf folgender Datensatz gespeichert (log-Datei): Name der abgerufenen Datei Datum und Uhrzeit des Abrufs \u00fcbertragene Datenmenge Meldung, ob der Abruf erfolgreich war Beschreibung des Typs des verwendeten Webbrowsers verwendetes Betriebssystem die zuvor besuchte Seite Provider Ihre IP-Adresse 2. Personenbezogene Daten Personenbezogene Daten werden von uns nur dann verarbeitet, wenn uns dies gesetzlich gestattet ist, oder Sie uns Ihre Einwilligung erteilt haben. Wir verarbeiten nur solche Daten, die f\u00fcr die Verwaltung des Vereins notwendig sind. Im Einzelnen: a) Kontakt Wenn Sie mit uns in Kontakt treten, speichern wir Ihre Daten auf Grundlage von Art. 6 Abs. 1 Buchst. b) DSGVO zum Zwecke der Bearbeitung Ihrer Anfrage, sowie f\u00fcr den Fall, dass eine weitere Korrespondenz stattfinden sollte. b) Kommentarfunktion Sie haben die M\u00f6glichkeit, individuelle Kommentare zu einzelnen, auf unserer Webseite ver\u00f6ffentlichten Blog-Beitr\u00e4gen zu hinterlassen. Hinterlassen Sie einen solchen Kommentar, wird zu dem Inhalt des Kommentars selbst, auch der Zeitpunkt der Kommentareingabe gespeichert und ver\u00f6ffentlicht. Dar\u00fcber hinaus wird auch Ihre IP-Adresse protokolliert. Dies geschieht zu Nachweis- und Dokumentationszwecken f\u00fcr den Fall, dass wir auf Grund Ihres Kommentars wegen einer Rechtsverletzung in Anspruch genommen werden sollten. Die Datenverarbeitung ist daher zur Wahrung unserer berechtigten Interessen nach Art. 6 Abs. 1 Buchst. f) DSGVO erforderlich. Eine Weitergabe Ihrer personenbezogenen Daten an Dritte folgt nur, sofern wir hierzu gesetzlich verpflichtet sind (dann auf Basis von Art. 6 Abs. 1 Buchst. e) DSGVO), oder dies zur Wahrung der berechtigten Interessen des Dritten erforderlich ist (dann auf Basis von Art. Art. 6 Abs. 1 Buchst. f) DSGVO). 3. Cookies Wir setzen keine Cookies ein. 4. Verwendung eines Analyse-Tools bei unserem Provider. Unsere Webseite benutzt eine Open-Source-Software zur statistischen Analyse der Besucherzugriffe auf die eigene Webseite. Die erzeugten Informationen \u00fcber die Benutzung dieser Webseite werden auf unseren Servern in Deutschland gespeichert und nicht an Dritte weitergegeben. Ihre IP-Adresse wird sofort nach der Verarbeitung und vor deren Speicherung anonymisiert. Wir st\u00fctzen den Einsatz des vorgenannten Analyse-Tools auf Art. 6 Abs. 1 Buchst. f) DSGVO: die Verarbeitung erfolgt zur Analyse des Nutzungsverhaltens und ist daher zur Wahrung unserer berechtigten Interessen erforderlich. 5. Verwendung der Social Plugins von Facebook, Twitter, Google+ und Instagram Eine Verwendung von Social Plugins findet nicht statt. 6. Verwendung der Social Plugins von YouTube Findet nicht statt. 7. Verwendung von Google Webfonts, Google Maps und OpenStreetMap a) Verwendung von Google Webfonts und Google Maps Findet nicht statt. b) Verwendung von OpenStreetMap Wir verwenden auf unserer Webseite im Bereich Termine Kartenausschnitte von OpenStreetMap (https:\/\/www.openstreetmap.de\/), um f\u00fcr Sie den Anfahrtsweg zu unserem Unternehmen darzustellen und Ihnen die Planung der Anfahrt zu vereinfachen. Bei OpenStreetMap handelt es sich um ein Open-Source-Mapping-Werkzeug. Damit Ihnen die Karte angezeigt werden kann, wird Ihre IP-Adresse an OpenStreetMap weitergeleitet. Wie OpenStreetMap Ihre Daten speichert, k\u00f6nnen Sie auf der Datenschutzseite von OpenStreetMap hier https:\/\/wiki.openstreetmap.org\/wiki\/DE:Datenschutz und hier https:\/\/wiki.openstreetmap.org\/wiki\/DE:Legal_FAQ einsehen. Wir st\u00fctzen den Einsatz der vorgenannten Tools auf Art. 6 Abs. 1 Buchst. f) DSGVO: die Datenverarbeitung erfolgt zur Verbesserung der Nutzerfreundlichkeit auf unserer Webseite und liegt daher in unserem berechtigten Interesse. 9. Dauer der Speicherung Wir speichern Ihre Daten so lange, wie es f\u00fcr eine abschlie\u00dfende Bearbeitung Ihres Anliegens notwendig ist. Die \u00fcber das Analyse-Tool erhobenen Statistikdaten werden bereits bei der Erhebung anonymisiert und die Ergebnisse l\u00e4ngstens 2 Jahre gespeichert. Ausgenommen hiervon sind Daten, f\u00fcr die gesetzliche oder anderweitig vorgeschriebene Aufbewahrungspflichten bestehen; diese werden f\u00fcr die Dauer der jeweiligen Aufbewahrungsfrist gespeichert und im Anschluss routinem\u00e4\u00dfig gel\u00f6scht. 10. Betroffenenrechte a) Auskunftsrecht Sie haben das Recht, von uns eine Best\u00e4tigung dar\u00fcber zu verlangen, ob Sie betreffende personenbezogene Daten verarbeitet werden. Senden Sie hierf\u00fcr bitte einfach eine eMail an info@grunern.de . b) Berichtigung\/L\u00f6schung\/Einschr\u00e4nkung der Verarbeitung Des Weiteren haben Sie das Recht, von uns zu verlangen, dass Sie betreffende unrichtige personenbezogene Daten unverz\u00fcglich berichtigt werden (Recht auf Berichtigung); Sie betreffende personenbezogene Daten unverz\u00fcglich gel\u00f6scht werden (Recht auf L\u00f6schung) und die Verarbeitung eingeschr\u00e4nkt wird (Recht auf Einschr\u00e4nken der Verarbeitung). c.) Recht auf Daten\u00fcbertragbarkeit Sie haben das Recht, Sie betreffende personenbezogene Daten, die Sie uns bereitgestellt haben, in einem strukturierten, g\u00e4ngigen und maschinenlesbaren Format zu erhalten und diese Daten einem anderen Verantwortlichen zu \u00fcbermitteln. Senden Sie hierf\u00fcr bitte einfach eine eMail an info@dorfladen-grunern.de d) Widerrufsrecht Sie haben das Recht, Ihre Einwilligung jederzeit zu widerrufen. Durch den Widerruf der Einwilligung wird die Rechtm\u00e4\u00dfigkeit der aufgrund der Einwilligung bis zum Widerruf erfolgten Verarbeitung nicht ber\u00fchrt. Senden Sie hierf\u00fcr bitte einfach eine eMail an info@grunern.de. e) Widerspruchsrecht Ist die Verarbeitung Sie betreffender personenbezogener Daten f\u00fcr die Wahrnehmung einer Aufgabe, die im \u00f6ffentlichen Interesse liegt (Art. 6 Abs. 1 Buchst. e) DSGVO) oder zur Wahrung unserer berechtigten Interessen (Art. 6 Abs. 1 Buchst. f) DSGVO) erforderlich, steht Ihnen ein Widerspruchsrecht zu. Senden Sie hierf\u00fcr bitte einfach eine eMail an info@grunern.de f) Beschwerderecht Sind Sie der Ansicht, dass die Verarbeitung der Sie betreffenden personenbezogenen Daten gegen die DSGVO verst\u00f6\u00dft, haben Sie unbeschadet anderweitiger Rechtsbehelfe das Recht auf Beschwerde bei einer Aufsichtsbeh\u00f6rde. 11. Unser Datenschutzbeauftragter Unseren Datenschutzbeauftragten erreichen Sie unter info@grunern.de . 12. Sicherheit F\u00fcr die Sicherheit Ihrer Daten verwenden wir modernste Internettechnologien. W\u00e4hrend des Onlineanfrageprozesses sind Ihre Angaben mit einer SSL-Verschl\u00fcsselung gesichert. F\u00fcr eine sichere Speicherung Ihrer Daten werden unsere Systeme durch Firewalls gesch\u00fctzt, die unberechtigte Zugriffe von au\u00dfen verhindern. Ansprechpartner: Achim Breit Altenbergstr. 31 79219 Staufen-Grunern<\/p>\n","protected":false},"author":1,"featured_media":0,"parent":0,"menu_order":0,"comment_status":"closed","ping_status":"closed","template":"","meta":{"footnotes":""},"class_list":["post-874","page","type-page","status-publish","hentry"],"_links":{"self":[{"href":"http:\/\/www.grunerninstaufen.de\/bvgrn\/index.php?rest_route=\/wp\/v2\/pages\/874","targetHints":{"allow":["GET"]}}],"collection":[{"href":"http:\/\/www.grunerninstaufen.de\/bvgrn\/index.php?rest_route=\/wp\/v2\/pages"}],"about":[{"href":"http:\/\/www.grunerninstaufen.de\/bvgrn\/index.php?rest_route=\/wp\/v2\/types\/page"}],"author":[{"embeddable":true,"href":"http:\/\/www.grunerninstaufen.de\/bvgrn\/index.php?rest_route=\/wp\/v2\/users\/1"}],"replies":[{"embeddable":true,"href":"http:\/\/www.grunerninstaufen.de\/bvgrn\/index.php?rest_route=%2Fwp%2Fv2%2Fcomments&post=874"}],"version-history":[{"count":0,"href":"http:\/\/www.grunerninstaufen.de\/bvgrn\/index.php?rest_route=\/wp\/v2\/pages\/874\/revisions"}],"wp:attachment":[{"href":"http:\/\/www.grunerninstaufen.de\/bvgrn\/index.php?rest_route=%2Fwp%2Fv2%2Fmedia&parent=874"}],"curies":[{"name":"wp","href":"https:\/\/api.w.org\/{rel}","templated":true}]}}