{"id":294,"date":"2023-07-18T19:10:41","date_gmt":"2023-07-18T17:10:41","guid":{"rendered":"http:\/\/www.grunern.de\/wordpress\/?page_id=294"},"modified":"2023-07-24T08:04:34","modified_gmt":"2023-07-24T06:04:34","slug":"beitritt","status":"publish","type":"page","link":"https:\/\/www.grunerninstaufen.de\/bvgrn\/?page_id=294","title":{"rendered":"Beitritt und Satzung"},"content":{"rendered":"<p><a href=\"http:\/\/www.grunerninstaufen.de\/bvgrn\/wp-content\/uploads\/2023\/07\/Beitrittserklaerung_BV_Grunern.pdf\" target=\"_blank\" rel=\"noopener noreferrer\">Beitrittserkl\u00e4rung B\u00fcrgerverein Grunern<\/a><\/p>\n<p><a href=\"http:\/\/www.grunerninstaufen.de\/bvgrn\/wp-content\/uploads\/2023\/07\/BV_Satzung_Maerz_2023.pdf\" target=\"_blank\" rel=\"noopener noreferrer\">Vereinssatzung B\u00fcrgerverein<\/a> ab Mai 2023<\/p>\n<p>&nbsp;<\/p>\n<hr \/>\n<p>Fr\u00fchere Satzungen:<\/p>\n<p><a href=\"http:\/\/www.grunerninstaufen.de\/bvgrn\/wp-content\/uploads\/2019\/04\/Satzung_BV_2018.pdf\" target=\"_blank\" rel=\"noopener noreferrer\">Vereinssatzung B\u00fcrgerverein<\/a> ab Nov. 2018 bis M\u00e4rz 2023<\/p>\n<p><a href=\"http:\/\/www.grunerninstaufen.de\/bvgrn\/wp-content\/uploads\/2016\/01\/VereinssatzungBV.pdf\" target=\"_blank\" rel=\"noopener noreferrer\">VereinssatzungBV<\/a> vor 2018<\/p>\n","protected":false},"excerpt":{"rendered":"<p>Beitrittserkl\u00e4rung B\u00fcrgerverein Grunern Vereinssatzung B\u00fcrgerverein ab Mai 2023 &nbsp; Fr\u00fchere Satzungen: Vereinssatzung B\u00fcrgerverein ab Nov. 2018 bis M\u00e4rz 2023 VereinssatzungBV vor 2018<\/p>\n","protected":false},"author":1,"featured_media":0,"parent":0,"menu_order":0,"comment_status":"closed","ping_status":"closed","template":"","meta":{"footnotes":""},"class_list":["post-294","page","type-page","status-publish","hentry"],"_links":{"self":[{"href":"https:\/\/www.grunerninstaufen.de\/bvgrn\/index.php?rest_route=\/wp\/v2\/pages\/294","targetHints":{"allow":["GET"]}}],"collection":[{"href":"https:\/\/www.grunerninstaufen.de\/bvgrn\/index.php?rest_route=\/wp\/v2\/pages"}],"about":[{"href":"https:\/\/www.grunerninstaufen.de\/bvgrn\/index.php?rest_route=\/wp\/v2\/types\/page"}],"author":[{"embeddable":true,"href":"https:\/\/www.grunerninstaufen.de\/bvgrn\/index.php?rest_route=\/wp\/v2\/users\/1"}],"replies":[{"embeddable":true,"href":"https:\/\/www.grunerninstaufen.de\/bvgrn\/index.php?rest_route=%2Fwp%2Fv2%2Fcomments&post=294"}],"version-history":[{"count":5,"href":"https:\/\/www.grunerninstaufen.de\/bvgrn\/index.php?rest_route=\/wp\/v2\/pages\/294\/revisions"}],"predecessor-version":[{"id":1501,"href":"https:\/\/www.grunerninstaufen.de\/bvgrn\/index.php?rest_route=\/wp\/v2\/pages\/294\/revisions\/1501"}],"wp:attachment":[{"href":"https:\/\/www.grunerninstaufen.de\/bvgrn\/index.php?rest_route=%2Fwp%2Fv2%2Fmedia&parent=294"}],"curies":[{"name":"wp","href":"https:\/\/api.w.org\/{rel}","templated":true}]}}